{"id":2297,"date":"2024-07-25T11:02:32","date_gmt":"2024-07-25T09:02:32","guid":{"rendered":"https:\/\/ankerplex.eu\/?post_type=product&#038;p=2297"},"modified":"2026-04-28T13:01:54","modified_gmt":"2026-04-28T11:01:54","slug":"ankerplex-anchor-model2","status":"publish","type":"product","link":"https:\/\/ankerplex.eu\/en\/producto\/ankerplex-anchor-model2\/","title":{"rendered":"ANKERPLEX\u00ae ORIGINAL"},"content":{"rendered":"<p>[et_pb_section fb_built=&#8221;1&#8243; _builder_version=&#8221;4.22.1&#8243; _module_preset=&#8221;default&#8221; global_colors_info=&#8221;{}&#8221;][\/et_pb_section]<\/p>\n","protected":false},"excerpt":{"rendered":"<p><span class=\"destacado\">ANKERPLEX<sup>\u00ae<\/sup><\/span> ORIGINAL es un ancla de \u201cAlto Poder de Agarre\u201d (HHP) que llega a triplicar la capacidad de retenci\u00f3n de las anclas tradicionales tipo \u201cHall\u201d o tipo \u201cNavy\u201d del mismo peso. Su eficacia est\u00e1 a la altura de las mejores anclas de \u00faltima generaci\u00f3n.<\/p>\n","protected":false},"featured_media":2393,"comment_status":"open","ping_status":"closed","template":"","meta":{"_et_pb_use_builder":"on","_et_pb_old_content":"ANKERPLEX\u00ae ORIGINAL is a anchor with \"High Holding Power\" (HHP) that triples the retention capacity of traditional \u201cHall\u201d or \u201cNavy\u201d type anchors of the same weight. Its effectiveness is on a par with the best latest generation anchors.\r\n\r\n<strong>Choose the model for your boat:<\/strong> Note that this guide is a proposal based on the experience of the manufacturer, specialized publications, and field tests carried out. It does not constitute a formal declaration of the model necessary for each vessel.There may be regulations and standards in your country, requirements of classification entities or insurance companies that condition the weight and characteristics of the anchor of your boat and that you must know and attend to.\r\n<div class=\"et_pb_button_module_wrapper et_pb_button_0_wrapper et_pb_module \"><a class=\"et_pb_button et_pb_button_0 et_pb_bg_layout_dark\" href=\"https:\/\/ankerplex.eu\/wp-content\/uploads\/2025\/06\/Size-Guide-According-to-Conditions-and-Lenth.pdf\" target=\"_blank\" rel=\"noopener\">See guide<\/a><\/div>","_et_gb_content_width":""},"product_brand":[],"product_cat":[94],"product_tag":[],"class_list":{"0":"post-2297","1":"product","2":"type-product","3":"status-publish","4":"has-post-thumbnail","6":"product_cat-anchor","7":"pa_material-aluminium","8":"pa_material-hot-dip-galvanized","9":"pa_material-stainless-steel","10":"pa_modelo-ap11al-en","11":"pa_modelo-ap11gz-en","12":"pa_modelo-ap11st-en","13":"pa_modelo-ap16al-en","14":"pa_modelo-ap16gz-en","15":"pa_modelo-ap16st-en","16":"pa_modelo-ap1gz-en","17":"pa_modelo-ap1st-en","18":"pa_modelo-ap20al-en","19":"pa_modelo-ap20gz-en","20":"pa_modelo-ap20st-en","21":"pa_modelo-ap27al-en","22":"pa_modelo-ap27gz-en","23":"pa_modelo-ap27st-en","24":"pa_modelo-ap31al-en","25":"pa_modelo-ap50al-en","26":"pa_modelo-ap5al-en","27":"pa_modelo-ap5gz-en","28":"pa_modelo-ap5st-en","29":"pa_modelo-ap60al-en","30":"pa_modelo-ap8al-en","31":"pa_modelo-ap8gz-en","32":"pa_modelo-ap8st-en","34":"first","35":"instock","36":"taxable","37":"shipping-taxable","38":"purchasable","39":"product-type-variable"},"yoast_head":"<!-- This site is optimized with the Yoast SEO plugin v27.2 - https:\/\/yoast.com\/product\/yoast-seo-wordpress\/ -->\n<title>ANKERPLEX\u00ae ORIGINAL<\/title>\n<meta name=\"description\" content=\"The Simplest and Effective Anchor in the World &#8226; High performance detachable anchor &#8226; Strengthen your anchor &#8226; Stainless Steel, Zink-Plated and Aluminium\" \/>\n<meta name=\"robots\" content=\"index, follow, max-snippet:-1, max-image-preview:large, max-video-preview:-1\" \/>\n<link rel=\"canonical\" href=\"https:\/\/ankerplex.eu\/en\/producto\/ankerplex-anchor-model2\/\" \/>\n<meta property=\"og:locale\" content=\"en_US\" \/>\n<meta property=\"og:type\" content=\"article\" \/>\n<meta property=\"og:title\" content=\"ANKERPLEX\u00ae ORIGINAL\" \/>\n<meta property=\"og:description\" content=\"The Simplest and Effective Anchor in the World &#8226; High performance detachable anchor &#8226; Strengthen your anchor &#8226; Stainless Steel, Zink-Plated and Aluminium\" \/>\n<meta property=\"og:url\" content=\"https:\/\/ankerplex.eu\/en\/producto\/ankerplex-anchor-model2\/\" \/>\n<meta property=\"og:site_name\" content=\"ANKERPLEX\u00ae\" \/>\n<meta property=\"article:modified_time\" content=\"2026-04-28T11:01:54+00:00\" \/>\n<meta property=\"og:image\" content=\"https:\/\/ankerplex.eu\/wp-content\/uploads\/2024\/07\/web2-.png\" \/>\n\t<meta property=\"og:image:width\" content=\"537\" \/>\n\t<meta property=\"og:image:height\" content=\"537\" \/>\n\t<meta property=\"og:image:type\" content=\"image\/png\" \/>\n<meta name=\"twitter:card\" content=\"summary_large_image\" \/>\n<meta name=\"twitter:label1\" content=\"Est. reading time\" \/>\n\t<meta name=\"twitter:data1\" content=\"1 minute\" \/>\n<script type=\"application\/ld+json\" class=\"yoast-schema-graph\">{\"@context\":\"https:\/\/schema.org\",\"@graph\":[{\"@type\":\"WebPage\",\"@id\":\"https:\/\/ankerplex.eu\/en\/producto\/ankerplex-anchor-model2\/\",\"url\":\"https:\/\/ankerplex.eu\/en\/producto\/ankerplex-anchor-model2\/\",\"name\":\"ANKERPLEX\u00ae ORIGINAL\",\"isPartOf\":{\"@id\":\"https:\/\/ankerplex.eu\/en\/#website\"},\"primaryImageOfPage\":{\"@id\":\"https:\/\/ankerplex.eu\/en\/producto\/ankerplex-anchor-model2\/#primaryimage\"},\"image\":{\"@id\":\"https:\/\/ankerplex.eu\/en\/producto\/ankerplex-anchor-model2\/#primaryimage\"},\"thumbnailUrl\":\"https:\/\/ankerplex.eu\/wp-content\/uploads\/2024\/07\/web2-.png\",\"datePublished\":\"2024-07-25T09:02:32+00:00\",\"dateModified\":\"2026-04-28T11:01:54+00:00\",\"description\":\"The Simplest and Effective Anchor in the World &#8226; High performance detachable anchor &#8226; Strengthen your anchor &#8226; Stainless Steel, Zink-Plated and Aluminium\",\"breadcrumb\":{\"@id\":\"https:\/\/ankerplex.eu\/en\/producto\/ankerplex-anchor-model2\/#breadcrumb\"},\"inLanguage\":\"en-US\",\"potentialAction\":[{\"@type\":\"ReadAction\",\"target\":[\"https:\/\/ankerplex.eu\/en\/producto\/ankerplex-anchor-model2\/\"]}]},{\"@type\":\"ImageObject\",\"inLanguage\":\"en-US\",\"@id\":\"https:\/\/ankerplex.eu\/en\/producto\/ankerplex-anchor-model2\/#primaryimage\",\"url\":\"https:\/\/ankerplex.eu\/wp-content\/uploads\/2024\/07\/web2-.png\",\"contentUrl\":\"https:\/\/ankerplex.eu\/wp-content\/uploads\/2024\/07\/web2-.png\",\"width\":537,\"height\":537,\"caption\":\"ankerplex\"},{\"@type\":\"BreadcrumbList\",\"@id\":\"https:\/\/ankerplex.eu\/en\/producto\/ankerplex-anchor-model2\/#breadcrumb\",\"itemListElement\":[{\"@type\":\"ListItem\",\"position\":1,\"name\":\"Home\",\"item\":\"https:\/\/ankerplex.eu\/en\/\"},{\"@type\":\"ListItem\",\"position\":2,\"name\":\"Shop\",\"item\":\"https:\/\/ankerplex.eu\/en\/shop\/\"},{\"@type\":\"ListItem\",\"position\":3,\"name\":\"ANKERPLEX\u00ae ORIGINAL\"}]},{\"@type\":\"WebSite\",\"@id\":\"https:\/\/ankerplex.eu\/en\/#website\",\"url\":\"https:\/\/ankerplex.eu\/en\/\",\"name\":\"ANKERPLEX\u00ae\",\"description\":\"The Simplest and Efective Anchor in the World\",\"publisher\":{\"@id\":\"https:\/\/ankerplex.eu\/en\/#organization\"},\"alternateName\":\"Moderna ancla con alto poder de retenci\u00f3n\",\"potentialAction\":[{\"@type\":\"SearchAction\",\"target\":{\"@type\":\"EntryPoint\",\"urlTemplate\":\"https:\/\/ankerplex.eu\/en\/?s={search_term_string}\"},\"query-input\":{\"@type\":\"PropertyValueSpecification\",\"valueRequired\":true,\"valueName\":\"search_term_string\"}}],\"inLanguage\":\"en-US\"},{\"@type\":\"Organization\",\"@id\":\"https:\/\/ankerplex.eu\/en\/#organization\",\"name\":\"ANKERPLEX\u00ae\",\"url\":\"https:\/\/ankerplex.eu\/en\/\",\"logo\":{\"@type\":\"ImageObject\",\"inLanguage\":\"en-US\",\"@id\":\"https:\/\/ankerplex.eu\/en\/#\/schema\/logo\/image\/\",\"url\":\"https:\/\/ankerplex.eu\/wp-content\/uploads\/2023\/01\/ankerplex-logo-350x208-color-01.png\",\"contentUrl\":\"https:\/\/ankerplex.eu\/wp-content\/uploads\/2023\/01\/ankerplex-logo-350x208-color-01.png\",\"width\":350,\"height\":209,\"caption\":\"ANKERPLEX\u00ae\"},\"image\":{\"@id\":\"https:\/\/ankerplex.eu\/en\/#\/schema\/logo\/image\/\"}}]}<\/script>\n<!-- \/ Yoast SEO plugin. -->","yoast_head_json":{"title":"ANKERPLEX\u00ae ORIGINAL","description":"The Simplest and Effective Anchor in the World &#8226; High performance detachable anchor &#8226; Strengthen your anchor &#8226; Stainless Steel, Zink-Plated and Aluminium","robots":{"index":"index","follow":"follow","max-snippet":"max-snippet:-1","max-image-preview":"max-image-preview:large","max-video-preview":"max-video-preview:-1"},"canonical":"https:\/\/ankerplex.eu\/en\/producto\/ankerplex-anchor-model2\/","og_locale":"en_US","og_type":"article","og_title":"ANKERPLEX\u00ae ORIGINAL","og_description":"The Simplest and Effective Anchor in the World &#8226; High performance detachable anchor &#8226; Strengthen your anchor &#8226; Stainless Steel, Zink-Plated and Aluminium","og_url":"https:\/\/ankerplex.eu\/en\/producto\/ankerplex-anchor-model2\/","og_site_name":"ANKERPLEX\u00ae","article_modified_time":"2026-04-28T11:01:54+00:00","og_image":[{"width":537,"height":537,"url":"https:\/\/ankerplex.eu\/wp-content\/uploads\/2024\/07\/web2-.png","type":"image\/png"}],"twitter_card":"summary_large_image","twitter_misc":{"Est. reading time":"1 minute"},"schema":{"@context":"https:\/\/schema.org","@graph":[{"@type":"WebPage","@id":"https:\/\/ankerplex.eu\/en\/producto\/ankerplex-anchor-model2\/","url":"https:\/\/ankerplex.eu\/en\/producto\/ankerplex-anchor-model2\/","name":"ANKERPLEX\u00ae ORIGINAL","isPartOf":{"@id":"https:\/\/ankerplex.eu\/en\/#website"},"primaryImageOfPage":{"@id":"https:\/\/ankerplex.eu\/en\/producto\/ankerplex-anchor-model2\/#primaryimage"},"image":{"@id":"https:\/\/ankerplex.eu\/en\/producto\/ankerplex-anchor-model2\/#primaryimage"},"thumbnailUrl":"https:\/\/ankerplex.eu\/wp-content\/uploads\/2024\/07\/web2-.png","datePublished":"2024-07-25T09:02:32+00:00","dateModified":"2026-04-28T11:01:54+00:00","description":"The Simplest and Effective Anchor in the World &#8226; High performance detachable anchor &#8226; Strengthen your anchor &#8226; Stainless Steel, Zink-Plated and Aluminium","breadcrumb":{"@id":"https:\/\/ankerplex.eu\/en\/producto\/ankerplex-anchor-model2\/#breadcrumb"},"inLanguage":"en-US","potentialAction":[{"@type":"ReadAction","target":["https:\/\/ankerplex.eu\/en\/producto\/ankerplex-anchor-model2\/"]}]},{"@type":"ImageObject","inLanguage":"en-US","@id":"https:\/\/ankerplex.eu\/en\/producto\/ankerplex-anchor-model2\/#primaryimage","url":"https:\/\/ankerplex.eu\/wp-content\/uploads\/2024\/07\/web2-.png","contentUrl":"https:\/\/ankerplex.eu\/wp-content\/uploads\/2024\/07\/web2-.png","width":537,"height":537,"caption":"ankerplex"},{"@type":"BreadcrumbList","@id":"https:\/\/ankerplex.eu\/en\/producto\/ankerplex-anchor-model2\/#breadcrumb","itemListElement":[{"@type":"ListItem","position":1,"name":"Home","item":"https:\/\/ankerplex.eu\/en\/"},{"@type":"ListItem","position":2,"name":"Shop","item":"https:\/\/ankerplex.eu\/en\/shop\/"},{"@type":"ListItem","position":3,"name":"ANKERPLEX\u00ae ORIGINAL"}]},{"@type":"WebSite","@id":"https:\/\/ankerplex.eu\/en\/#website","url":"https:\/\/ankerplex.eu\/en\/","name":"ANKERPLEX\u00ae","description":"The Simplest and Efective Anchor in the World","publisher":{"@id":"https:\/\/ankerplex.eu\/en\/#organization"},"alternateName":"Moderna ancla con alto poder de retenci\u00f3n","potentialAction":[{"@type":"SearchAction","target":{"@type":"EntryPoint","urlTemplate":"https:\/\/ankerplex.eu\/en\/?s={search_term_string}"},"query-input":{"@type":"PropertyValueSpecification","valueRequired":true,"valueName":"search_term_string"}}],"inLanguage":"en-US"},{"@type":"Organization","@id":"https:\/\/ankerplex.eu\/en\/#organization","name":"ANKERPLEX\u00ae","url":"https:\/\/ankerplex.eu\/en\/","logo":{"@type":"ImageObject","inLanguage":"en-US","@id":"https:\/\/ankerplex.eu\/en\/#\/schema\/logo\/image\/","url":"https:\/\/ankerplex.eu\/wp-content\/uploads\/2023\/01\/ankerplex-logo-350x208-color-01.png","contentUrl":"https:\/\/ankerplex.eu\/wp-content\/uploads\/2023\/01\/ankerplex-logo-350x208-color-01.png","width":350,"height":209,"caption":"ANKERPLEX\u00ae"},"image":{"@id":"https:\/\/ankerplex.eu\/en\/#\/schema\/logo\/image\/"}}]}},"_links":{"self":[{"href":"https:\/\/ankerplex.eu\/en\/wp-json\/wp\/v2\/product\/2297","targetHints":{"allow":["GET"]}}],"collection":[{"href":"https:\/\/ankerplex.eu\/en\/wp-json\/wp\/v2\/product"}],"about":[{"href":"https:\/\/ankerplex.eu\/en\/wp-json\/wp\/v2\/types\/product"}],"replies":[{"embeddable":true,"href":"https:\/\/ankerplex.eu\/en\/wp-json\/wp\/v2\/comments?post=2297"}],"wp:featuredmedia":[{"embeddable":true,"href":"https:\/\/ankerplex.eu\/en\/wp-json\/wp\/v2\/media\/2393"}],"wp:attachment":[{"href":"https:\/\/ankerplex.eu\/en\/wp-json\/wp\/v2\/media?parent=2297"}],"wp:term":[{"taxonomy":"product_brand","embeddable":true,"href":"https:\/\/ankerplex.eu\/en\/wp-json\/wp\/v2\/product_brand?post=2297"},{"taxonomy":"product_cat","embeddable":true,"href":"https:\/\/ankerplex.eu\/en\/wp-json\/wp\/v2\/product_cat?post=2297"},{"taxonomy":"product_tag","embeddable":true,"href":"https:\/\/ankerplex.eu\/en\/wp-json\/wp\/v2\/product_tag?post=2297"}],"curies":[{"name":"wp","href":"https:\/\/api.w.org\/{rel}","templated":true}]}}